{"id":39,"date":"2015-07-18T17:12:36","date_gmt":"2015-07-18T17:12:36","guid":{"rendered":"http:\/\/testing4.noralemilenio.com\/about\/"},"modified":"2019-09-01T17:23:34","modified_gmt":"2019-09-01T17:23:34","slug":"guillermo-rodriguez","status":"publish","type":"page","link":"https:\/\/guillerminrodriguez.com\/de\/guillermo-rodriguez\/","title":{"rendered":"Guillermo Rodr\u00edguez"},"content":{"rendered":"<p><strong>Guillermo Rodr\u00edguez <em>Guillerm\u00edn<\/em><\/strong><\/p>\n<p><img loading=\"lazy\" decoding=\"async\" class=\"alignright wp-image-193\" src=\"http:\/\/de.guillerminrodriguez.com\/wp-content\/uploads\/2015\/07\/biografia-guillermirodriguez-200x300.jpg\" alt=\"Guillermo Rodr\u00edguez\" width=\"266\" height=\"400\" srcset=\"https:\/\/guillerminrodriguez.com\/de\/wp-content\/uploads\/2015\/07\/biografia-guillermirodriguez-200x301.jpg 200w, https:\/\/guillerminrodriguez.com\/de\/wp-content\/uploads\/2015\/07\/biografia-guillermirodriguez-681x1024.jpg 681w, https:\/\/guillerminrodriguez.com\/de\/wp-content\/uploads\/2015\/07\/biografia-guillermirodriguez-100x150.jpg 100w, https:\/\/guillerminrodriguez.com\/de\/wp-content\/uploads\/2015\/07\/biografia-guillermirodriguez-150x225.jpg 150w, https:\/\/guillerminrodriguez.com\/de\/wp-content\/uploads\/2015\/07\/biografia-guillermirodriguez-300x451.jpg 300w, https:\/\/guillerminrodriguez.com\/de\/wp-content\/uploads\/2015\/07\/biografia-guillermirodriguez-450x676.jpg 450w, https:\/\/guillerminrodriguez.com\/de\/wp-content\/uploads\/2015\/07\/biografia-guillermirodriguez-600x902.jpg 600w, https:\/\/guillerminrodriguez.com\/de\/wp-content\/uploads\/2015\/07\/biografia-guillermirodriguez-900x1352.jpg 900w, https:\/\/guillerminrodriguez.com\/de\/wp-content\/uploads\/2015\/07\/biografia-guillermirodriguez.jpg 1341w\" sizes=\"auto, (max-width: 266px) 100vw, 266px\" \/><\/p>\n<p>Geboren in Badajoz im Jahr 1958 und lebt in Mallorca seit 1959. Get Malkurse in der Studie von Edwind Dickman (1974-1975), im Club de Pollensa (1975-1976) und die Massana School of Barcelona (1977-1979).<\/p>\n<p>Er reist nach Paris im Jahr 1979, wo ein Jahr Lernen an der Ecole de Beaux Arts lebt, wo sein Interesse an der Skulptur im Jahr 1980 beginnt und reist durch Europa und Afrika seine Landschaften zu entdecken. Im Jahre 1983 lie\u00df er sich in Z\u00fcrich und am Ende des folgenden Jahres in Madrid, auf der Restaurierungswerkstatt von Luis Booklet arbeiten.<\/p>\n<p>Im Jahr 1988 zieht er in der Schweiz, wo in Rotem Stoffe ausgesetzt. Im Jahr 1993 begann er mit der Galerie Loes Verhoeven regelm\u00e4\u00dfig bis 1997 Resides in Florenz arbeitet, am Spinelli Institut Klassen in Malerei und Skulptur besuchen. Er\u00f6ffnete sein eigenes Atelier und Galerie Forch 307, die bisher mit einer Gruppe von Schweizeren Innenarchitekten arbeiten Ausstellungen und andere K\u00fcnstler bis 2013 Von 1995 j\u00e4hrlich pr\u00e4sentiert macht, die weltweit Projekte machen; Einf\u00fchrung in Hotels und Privath\u00e4usern seine Arbeit.<\/p>\n<p>Im Jahr 2010 kehrt nach Mallorca, wo er angesiedelt und ein Studio in Valldemossa ge\u00f6ffnet und h\u00e4lt sein Atelier in Z\u00fcrich und den Kontakt mit seinen Kunden weltweit: Schweiz, Frankreich, England, Deutschland, Italien, Japan, Amerika. Portugal und Spanien.<\/p>\n<p>er lebt und arbeitet zwischen Valldemossa und der Schweiz.<\/p>\n<p>AUSSTELLUNGEN:<\/p>\n<ul>\n<li>Die n\u00e4chsten Ausstellung in der Galerie Pep Llabr\u00e9s | Palma de Mallorca (2016)<\/li>\n<li>Art Fair | Z\u00fcrich (2006, 2007, 2008, 2009, 2010)<\/li>\n<li>Art Fair | Montreaux (1991,1992,1993)<\/li>\n<li>Coalyard | Sevilla (1988)<\/li>\n<\/ul>\n<p>AUSSTELLUNGEN:<\/p>\n<ul>\n<li><em>Landschaften der Seele,<\/em> Galeria Sa Tafona, Belmond La Residencia | Deia (2016)<\/li>\n<li><em>Castaways,<\/em> Fundaci\u00f3 Cultural Coll Bardolet | Valldemossa, Mallorca (2015)<\/li>\n<li>Galerie 307 Forch, Z\u00fcrich (1997 bis 2013)<\/li>\n<li>Galerie Loes Verhoeven, Z\u00fcrich (1993,1994,1995)<\/li>\n<\/ul>\n","protected":false},"excerpt":{"rendered":"<p>Guillermo Rodr\u00edguez Guillerm\u00edn Geboren in Badajoz im Jahr 1958 und lebt in Mallorca seit 1959. Get Malkurse in der Studie von Edwind Dickman (1974-1975), im Club de Pollensa (1975-1976) und die Massana School of Barcelona (1977-1979). Er reist nach Paris<span class=\"ellipsis\">&hellip;<\/span><\/p>\n<div class=\"read-more\"><a href=\"https:\/\/guillerminrodriguez.com\/de\/guillermo-rodriguez\/\">Weiterlesen \u203a<\/a><\/div>\n<p><!-- end of .read-more --><\/p>\n","protected":false},"author":1,"featured_media":0,"parent":0,"menu_order":2,"comment_status":"closed","ping_status":"closed","template":"full-width-page.php","meta":{"footnotes":""},"class_list":["post-39","page","type-page","status-publish","hentry"],"yoast_head":"<!-- This site is optimized with the Yoast SEO plugin v27.4 - https:\/\/yoast.com\/product\/yoast-seo-wordpress\/ -->\n<title>Guillermo Rodr\u00edguez - Guillerm\u00edn<\/title>\n<meta name=\"robots\" content=\"index, follow, max-snippet:-1, max-image-preview:large, max-video-preview:-1\" \/>\n<link rel=\"canonical\" href=\"https:\/\/guillerminrodriguez.com\/de\/guillermo-rodriguez\/\" \/>\n<meta property=\"og:locale\" content=\"de_DE\" \/>\n<meta property=\"og:type\" content=\"article\" \/>\n<meta property=\"og:title\" content=\"Guillermo Rodr\u00edguez - Guillerm\u00edn\" \/>\n<meta property=\"og:description\" content=\"Guillermo Rodr\u00edguez Guillerm\u00edn Geboren in Badajoz im Jahr 1958 und lebt in Mallorca seit 1959. Get Malkurse in der Studie von Edwind Dickman (1974-1975), im Club de Pollensa (1975-1976) und die Massana School of Barcelona (1977-1979). Er reist nach Paris&hellip;Weiterlesen \u203a\" \/>\n<meta property=\"og:url\" content=\"https:\/\/guillerminrodriguez.com\/de\/guillermo-rodriguez\/\" \/>\n<meta property=\"og:site_name\" content=\"Guillerm\u00edn\" \/>\n<meta property=\"article:modified_time\" content=\"2019-09-01T17:23:34+00:00\" \/>\n<meta property=\"og:image\" content=\"http:\/\/de.guillerminrodriguez.com\/wp-content\/uploads\/2015\/07\/biografia-guillermirodriguez-200x300.jpg\" \/>\n<meta name=\"twitter:card\" content=\"summary_large_image\" \/>\n<meta name=\"twitter:label1\" content=\"Gesch\u00e4tzte Lesezeit\" \/>\n\t<meta name=\"twitter:data1\" content=\"1\u00a0Minute\" \/>\n<script type=\"application\/ld+json\" class=\"yoast-schema-graph\">{\"@context\":\"https:\\\/\\\/schema.org\",\"@graph\":[{\"@type\":\"WebPage\",\"@id\":\"https:\\\/\\\/guillerminrodriguez.com\\\/de\\\/guillermo-rodriguez\\\/\",\"url\":\"https:\\\/\\\/guillerminrodriguez.com\\\/de\\\/guillermo-rodriguez\\\/\",\"name\":\"Guillermo Rodr\u00edguez - Guillerm\u00edn\",\"isPartOf\":{\"@id\":\"https:\\\/\\\/guillerminrodriguez.com\\\/de\\\/#website\"},\"primaryImageOfPage\":{\"@id\":\"https:\\\/\\\/guillerminrodriguez.com\\\/de\\\/guillermo-rodriguez\\\/#primaryimage\"},\"image\":{\"@id\":\"https:\\\/\\\/guillerminrodriguez.com\\\/de\\\/guillermo-rodriguez\\\/#primaryimage\"},\"thumbnailUrl\":\"http:\\\/\\\/de.guillerminrodriguez.com\\\/wp-content\\\/uploads\\\/2015\\\/07\\\/biografia-guillermirodriguez-200x300.jpg\",\"datePublished\":\"2015-07-18T17:12:36+00:00\",\"dateModified\":\"2019-09-01T17:23:34+00:00\",\"breadcrumb\":{\"@id\":\"https:\\\/\\\/guillerminrodriguez.com\\\/de\\\/guillermo-rodriguez\\\/#breadcrumb\"},\"inLanguage\":\"de\",\"potentialAction\":[{\"@type\":\"ReadAction\",\"target\":[\"https:\\\/\\\/guillerminrodriguez.com\\\/de\\\/guillermo-rodriguez\\\/\"]}]},{\"@type\":\"ImageObject\",\"inLanguage\":\"de\",\"@id\":\"https:\\\/\\\/guillerminrodriguez.com\\\/de\\\/guillermo-rodriguez\\\/#primaryimage\",\"url\":\"http:\\\/\\\/de.guillerminrodriguez.com\\\/wp-content\\\/uploads\\\/2015\\\/07\\\/biografia-guillermirodriguez-200x300.jpg\",\"contentUrl\":\"http:\\\/\\\/de.guillerminrodriguez.com\\\/wp-content\\\/uploads\\\/2015\\\/07\\\/biografia-guillermirodriguez-200x300.jpg\"},{\"@type\":\"BreadcrumbList\",\"@id\":\"https:\\\/\\\/guillerminrodriguez.com\\\/de\\\/guillermo-rodriguez\\\/#breadcrumb\",\"itemListElement\":[{\"@type\":\"ListItem\",\"position\":1,\"name\":\"Portada\",\"item\":\"https:\\\/\\\/guillerminrodriguez.com\\\/de\\\/\"},{\"@type\":\"ListItem\",\"position\":2,\"name\":\"Guillermo Rodr\u00edguez\"}]},{\"@type\":\"WebSite\",\"@id\":\"https:\\\/\\\/guillerminrodriguez.com\\\/de\\\/#website\",\"url\":\"https:\\\/\\\/guillerminrodriguez.com\\\/de\\\/\",\"name\":\"Guillerm\u00edn\",\"description\":\"\",\"potentialAction\":[{\"@type\":\"SearchAction\",\"target\":{\"@type\":\"EntryPoint\",\"urlTemplate\":\"https:\\\/\\\/guillerminrodriguez.com\\\/de\\\/?s={search_term_string}\"},\"query-input\":{\"@type\":\"PropertyValueSpecification\",\"valueRequired\":true,\"valueName\":\"search_term_string\"}}],\"inLanguage\":\"de\"}]}<\/script>\n<!-- \/ Yoast SEO plugin. -->","yoast_head_json":{"title":"Guillermo Rodr\u00edguez - Guillerm\u00edn","robots":{"index":"index","follow":"follow","max-snippet":"max-snippet:-1","max-image-preview":"max-image-preview:large","max-video-preview":"max-video-preview:-1"},"canonical":"https:\/\/guillerminrodriguez.com\/de\/guillermo-rodriguez\/","og_locale":"de_DE","og_type":"article","og_title":"Guillermo Rodr\u00edguez - Guillerm\u00edn","og_description":"Guillermo Rodr\u00edguez Guillerm\u00edn Geboren in Badajoz im Jahr 1958 und lebt in Mallorca seit 1959. Get Malkurse in der Studie von Edwind Dickman (1974-1975), im Club de Pollensa (1975-1976) und die Massana School of Barcelona (1977-1979). Er reist nach Paris&hellip;Weiterlesen \u203a","og_url":"https:\/\/guillerminrodriguez.com\/de\/guillermo-rodriguez\/","og_site_name":"Guillerm\u00edn","article_modified_time":"2019-09-01T17:23:34+00:00","og_image":[{"url":"http:\/\/de.guillerminrodriguez.com\/wp-content\/uploads\/2015\/07\/biografia-guillermirodriguez-200x300.jpg","type":"","width":"","height":""}],"twitter_card":"summary_large_image","twitter_misc":{"Gesch\u00e4tzte Lesezeit":"1\u00a0Minute"},"schema":{"@context":"https:\/\/schema.org","@graph":[{"@type":"WebPage","@id":"https:\/\/guillerminrodriguez.com\/de\/guillermo-rodriguez\/","url":"https:\/\/guillerminrodriguez.com\/de\/guillermo-rodriguez\/","name":"Guillermo Rodr\u00edguez - Guillerm\u00edn","isPartOf":{"@id":"https:\/\/guillerminrodriguez.com\/de\/#website"},"primaryImageOfPage":{"@id":"https:\/\/guillerminrodriguez.com\/de\/guillermo-rodriguez\/#primaryimage"},"image":{"@id":"https:\/\/guillerminrodriguez.com\/de\/guillermo-rodriguez\/#primaryimage"},"thumbnailUrl":"http:\/\/de.guillerminrodriguez.com\/wp-content\/uploads\/2015\/07\/biografia-guillermirodriguez-200x300.jpg","datePublished":"2015-07-18T17:12:36+00:00","dateModified":"2019-09-01T17:23:34+00:00","breadcrumb":{"@id":"https:\/\/guillerminrodriguez.com\/de\/guillermo-rodriguez\/#breadcrumb"},"inLanguage":"de","potentialAction":[{"@type":"ReadAction","target":["https:\/\/guillerminrodriguez.com\/de\/guillermo-rodriguez\/"]}]},{"@type":"ImageObject","inLanguage":"de","@id":"https:\/\/guillerminrodriguez.com\/de\/guillermo-rodriguez\/#primaryimage","url":"http:\/\/de.guillerminrodriguez.com\/wp-content\/uploads\/2015\/07\/biografia-guillermirodriguez-200x300.jpg","contentUrl":"http:\/\/de.guillerminrodriguez.com\/wp-content\/uploads\/2015\/07\/biografia-guillermirodriguez-200x300.jpg"},{"@type":"BreadcrumbList","@id":"https:\/\/guillerminrodriguez.com\/de\/guillermo-rodriguez\/#breadcrumb","itemListElement":[{"@type":"ListItem","position":1,"name":"Portada","item":"https:\/\/guillerminrodriguez.com\/de\/"},{"@type":"ListItem","position":2,"name":"Guillermo Rodr\u00edguez"}]},{"@type":"WebSite","@id":"https:\/\/guillerminrodriguez.com\/de\/#website","url":"https:\/\/guillerminrodriguez.com\/de\/","name":"Guillerm\u00edn","description":"","potentialAction":[{"@type":"SearchAction","target":{"@type":"EntryPoint","urlTemplate":"https:\/\/guillerminrodriguez.com\/de\/?s={search_term_string}"},"query-input":{"@type":"PropertyValueSpecification","valueRequired":true,"valueName":"search_term_string"}}],"inLanguage":"de"}]}},"_links":{"self":[{"href":"https:\/\/guillerminrodriguez.com\/de\/wp-json\/wp\/v2\/pages\/39","targetHints":{"allow":["GET"]}}],"collection":[{"href":"https:\/\/guillerminrodriguez.com\/de\/wp-json\/wp\/v2\/pages"}],"about":[{"href":"https:\/\/guillerminrodriguez.com\/de\/wp-json\/wp\/v2\/types\/page"}],"author":[{"embeddable":true,"href":"https:\/\/guillerminrodriguez.com\/de\/wp-json\/wp\/v2\/users\/1"}],"replies":[{"embeddable":true,"href":"https:\/\/guillerminrodriguez.com\/de\/wp-json\/wp\/v2\/comments?post=39"}],"version-history":[{"count":23,"href":"https:\/\/guillerminrodriguez.com\/de\/wp-json\/wp\/v2\/pages\/39\/revisions"}],"predecessor-version":[{"id":630,"href":"https:\/\/guillerminrodriguez.com\/de\/wp-json\/wp\/v2\/pages\/39\/revisions\/630"}],"wp:attachment":[{"href":"https:\/\/guillerminrodriguez.com\/de\/wp-json\/wp\/v2\/media?parent=39"}],"curies":[{"name":"wp","href":"https:\/\/api.w.org\/{rel}","templated":true}]}}