{"id":39,"date":"2015-07-18T17:12:36","date_gmt":"2015-07-18T17:12:36","guid":{"rendered":"http:\/\/testing4.noralemilenio.com\/about\/"},"modified":"2019-09-01T17:43:30","modified_gmt":"2019-09-01T17:43:30","slug":"guillermo-rodriguez","status":"publish","type":"page","link":"https:\/\/guillerminrodriguez.com\/en\/guillermo-rodriguez\/","title":{"rendered":"Guillermo Rodr\u00edguez"},"content":{"rendered":"<p><strong>Guillermo Rodr\u00edguez <em>Guillerm\u00edn<\/em><\/strong><\/p>\n<p><img loading=\"lazy\" decoding=\"async\" class=\"alignright wp-image-193\" src=\"http:\/\/guillerminrodriguez.com\/wp-content\/uploads\/2015\/07\/biografia-guillermirodriguez-200x300.jpg\" alt=\"Guillermo Rodr\u00edguez\" width=\"266\" height=\"400\" srcset=\"https:\/\/guillerminrodriguez.com\/en\/wp-content\/uploads\/2015\/07\/biografia-guillermirodriguez-200x301.jpg 200w, https:\/\/guillerminrodriguez.com\/en\/wp-content\/uploads\/2015\/07\/biografia-guillermirodriguez-681x1024.jpg 681w, https:\/\/guillerminrodriguez.com\/en\/wp-content\/uploads\/2015\/07\/biografia-guillermirodriguez-100x150.jpg 100w, https:\/\/guillerminrodriguez.com\/en\/wp-content\/uploads\/2015\/07\/biografia-guillermirodriguez-150x225.jpg 150w, https:\/\/guillerminrodriguez.com\/en\/wp-content\/uploads\/2015\/07\/biografia-guillermirodriguez-300x451.jpg 300w, https:\/\/guillerminrodriguez.com\/en\/wp-content\/uploads\/2015\/07\/biografia-guillermirodriguez-450x676.jpg 450w, https:\/\/guillerminrodriguez.com\/en\/wp-content\/uploads\/2015\/07\/biografia-guillermirodriguez-600x902.jpg 600w, https:\/\/guillerminrodriguez.com\/en\/wp-content\/uploads\/2015\/07\/biografia-guillermirodriguez-900x1352.jpg 900w, https:\/\/guillerminrodriguez.com\/en\/wp-content\/uploads\/2015\/07\/biografia-guillermirodriguez.jpg 1341w\" sizes=\"auto, (max-width: 266px) 100vw, 266px\" \/><\/p>\n<p>Born in Badajoz in 1958 and living in Mallorca since 1959. He received painting classes in the studio of Edwind Dickman (1974-75), in the Club de Pollensa (1975-76) and the Massana School in Barcelona (1977-79).<\/p>\n<p>He travels to Paris in 1979 where he lives a year learning at the \u00c9cole de Beaux Arts, where he begins his interest in sculpture and in 1980 he travels throughout Europe and Africa discovering his landscapes. In 1983 he settled in Z\u00fcrich and at the end of the following year in Madrid, working in the restoration workshop of Luis Librillo.<\/p>\n<p>In 1988 he moved to Switzerland where he exhibited in Rote Fabric. In 1993 he began collaborating with the Loes Verhoeven gallery until 1997. He lives periodically in Florence, attending painting and sculpture classes at the Spinelli Institute. It opens its own workshop and gallery Forch 307, where it annually makes exhibitions and presents other artists until 2013. From 1995 until today works with a group of Swiss interior designers who do projects around the world. Introducing his work in hotels and private residences.<\/p>\n<p>In 2010 he returned to Mallorca, where he set up and opened a studio in Valldemossa, maintaining his workshop in Z\u00fcrich and the contact with his clientele internationally: Switzerland, France, England, Germany, Italy, Japan, America. Portugal and Spain.<\/p>\n<p>He is still living and working between Valldemossa and Switzerland.<\/p>\n<p>COLLECTIVE EXHIBITIONS:<\/p>\n<ul>\n<li>Next exhibition at the Pep Llabr\u00e9s Gallery | Palma de Mallorca (2016)<\/li>\n<li>Art Fair | Z\u00fcrich (2006, 2007, 2008, 2009, 2010)<\/li>\n<li>Art Fair | Montreaux (1991, 1992, 1993)<\/li>\n<li>The Carboner\u00eda | Seville (1988)<\/li>\n<\/ul>\n<p>INDIVIDUAL EXPOSITIONS:<\/p>\n<ul>\n<li>Landscapes <em>of the soul<\/em> , Sa Tafona Gallery, Belmond The Residence | Dei\u00e0, Mallorca (2016)<\/li>\n<li><em>Castaways<\/em> , Fundaci\u00f3 Cultural Coll Bardolet | Valldemossa, Mallorca (2015)<\/li>\n<li>Gallery Forch 307, Z\u00fcrich (1997 to 2013)<\/li>\n<li>Gallery Loes Verhoeven, Z\u00fcrich (1993,1994,1995)<\/li>\n<\/ul>\n","protected":false},"excerpt":{"rendered":"<p>Guillermo Rodr\u00edguez Guillerm\u00edn Born in Badajoz in 1958 and living in Mallorca since 1959. He received painting classes in the studio of Edwind Dickman (1974-75), in the Club de Pollensa (1975-76) and the Massana School in Barcelona (1977-79). He travels<span class=\"ellipsis\">&hellip;<\/span><\/p>\n<div class=\"read-more\"><a href=\"https:\/\/guillerminrodriguez.com\/en\/guillermo-rodriguez\/\">Read more &#8250;<\/a><\/div>\n<p><!-- end of .read-more --><\/p>\n","protected":false},"author":1,"featured_media":0,"parent":0,"menu_order":2,"comment_status":"closed","ping_status":"closed","template":"full-width-page.php","meta":{"footnotes":""},"class_list":["post-39","page","type-page","status-publish","hentry"],"yoast_head":"<!-- This site is optimized with the Yoast SEO plugin v27.4 - https:\/\/yoast.com\/product\/yoast-seo-wordpress\/ -->\n<title>Guillermo Rodr\u00edguez - Guillerm\u00edn<\/title>\n<meta name=\"robots\" content=\"index, follow, max-snippet:-1, max-image-preview:large, max-video-preview:-1\" \/>\n<link rel=\"canonical\" href=\"https:\/\/guillerminrodriguez.com\/en\/guillermo-rodriguez\/\" \/>\n<meta property=\"og:locale\" content=\"en_GB\" \/>\n<meta property=\"og:type\" content=\"article\" \/>\n<meta property=\"og:title\" content=\"Guillermo Rodr\u00edguez - Guillerm\u00edn\" \/>\n<meta property=\"og:description\" content=\"Guillermo Rodr\u00edguez Guillerm\u00edn Born in Badajoz in 1958 and living in Mallorca since 1959. He received painting classes in the studio of Edwind Dickman (1974-75), in the Club de Pollensa (1975-76) and the Massana School in Barcelona (1977-79). He travels&hellip;Read more &#8250;\" \/>\n<meta property=\"og:url\" content=\"https:\/\/guillerminrodriguez.com\/en\/guillermo-rodriguez\/\" \/>\n<meta property=\"og:site_name\" content=\"Guillerm\u00edn\" \/>\n<meta property=\"article:modified_time\" content=\"2019-09-01T17:43:30+00:00\" \/>\n<meta property=\"og:image\" content=\"http:\/\/guillerminrodriguez.com\/wp-content\/uploads\/2015\/07\/biografia-guillermirodriguez-200x300.jpg\" \/>\n<meta name=\"twitter:card\" content=\"summary_large_image\" \/>\n<meta name=\"twitter:label1\" content=\"Estimated reading time\" \/>\n\t<meta name=\"twitter:data1\" content=\"1 minute\" \/>\n<script type=\"application\/ld+json\" class=\"yoast-schema-graph\">{\"@context\":\"https:\\\/\\\/schema.org\",\"@graph\":[{\"@type\":\"WebPage\",\"@id\":\"https:\\\/\\\/guillerminrodriguez.com\\\/en\\\/guillermo-rodriguez\\\/\",\"url\":\"https:\\\/\\\/guillerminrodriguez.com\\\/en\\\/guillermo-rodriguez\\\/\",\"name\":\"Guillermo Rodr\u00edguez - Guillerm\u00edn\",\"isPartOf\":{\"@id\":\"https:\\\/\\\/guillerminrodriguez.com\\\/en\\\/#website\"},\"primaryImageOfPage\":{\"@id\":\"https:\\\/\\\/guillerminrodriguez.com\\\/en\\\/guillermo-rodriguez\\\/#primaryimage\"},\"image\":{\"@id\":\"https:\\\/\\\/guillerminrodriguez.com\\\/en\\\/guillermo-rodriguez\\\/#primaryimage\"},\"thumbnailUrl\":\"http:\\\/\\\/guillerminrodriguez.com\\\/wp-content\\\/uploads\\\/2015\\\/07\\\/biografia-guillermirodriguez-200x300.jpg\",\"datePublished\":\"2015-07-18T17:12:36+00:00\",\"dateModified\":\"2019-09-01T17:43:30+00:00\",\"breadcrumb\":{\"@id\":\"https:\\\/\\\/guillerminrodriguez.com\\\/en\\\/guillermo-rodriguez\\\/#breadcrumb\"},\"inLanguage\":\"en-GB\",\"potentialAction\":[{\"@type\":\"ReadAction\",\"target\":[\"https:\\\/\\\/guillerminrodriguez.com\\\/en\\\/guillermo-rodriguez\\\/\"]}]},{\"@type\":\"ImageObject\",\"inLanguage\":\"en-GB\",\"@id\":\"https:\\\/\\\/guillerminrodriguez.com\\\/en\\\/guillermo-rodriguez\\\/#primaryimage\",\"url\":\"http:\\\/\\\/guillerminrodriguez.com\\\/wp-content\\\/uploads\\\/2015\\\/07\\\/biografia-guillermirodriguez-200x300.jpg\",\"contentUrl\":\"http:\\\/\\\/guillerminrodriguez.com\\\/wp-content\\\/uploads\\\/2015\\\/07\\\/biografia-guillermirodriguez-200x300.jpg\"},{\"@type\":\"BreadcrumbList\",\"@id\":\"https:\\\/\\\/guillerminrodriguez.com\\\/en\\\/guillermo-rodriguez\\\/#breadcrumb\",\"itemListElement\":[{\"@type\":\"ListItem\",\"position\":1,\"name\":\"Portada\",\"item\":\"https:\\\/\\\/guillerminrodriguez.com\\\/en\\\/\"},{\"@type\":\"ListItem\",\"position\":2,\"name\":\"Guillermo Rodr\u00edguez\"}]},{\"@type\":\"WebSite\",\"@id\":\"https:\\\/\\\/guillerminrodriguez.com\\\/en\\\/#website\",\"url\":\"https:\\\/\\\/guillerminrodriguez.com\\\/en\\\/\",\"name\":\"Guillerm\u00edn\",\"description\":\"\",\"potentialAction\":[{\"@type\":\"SearchAction\",\"target\":{\"@type\":\"EntryPoint\",\"urlTemplate\":\"https:\\\/\\\/guillerminrodriguez.com\\\/en\\\/?s={search_term_string}\"},\"query-input\":{\"@type\":\"PropertyValueSpecification\",\"valueRequired\":true,\"valueName\":\"search_term_string\"}}],\"inLanguage\":\"en-GB\"}]}<\/script>\n<!-- \/ Yoast SEO plugin. -->","yoast_head_json":{"title":"Guillermo Rodr\u00edguez - Guillerm\u00edn","robots":{"index":"index","follow":"follow","max-snippet":"max-snippet:-1","max-image-preview":"max-image-preview:large","max-video-preview":"max-video-preview:-1"},"canonical":"https:\/\/guillerminrodriguez.com\/en\/guillermo-rodriguez\/","og_locale":"en_GB","og_type":"article","og_title":"Guillermo Rodr\u00edguez - Guillerm\u00edn","og_description":"Guillermo Rodr\u00edguez Guillerm\u00edn Born in Badajoz in 1958 and living in Mallorca since 1959. He received painting classes in the studio of Edwind Dickman (1974-75), in the Club de Pollensa (1975-76) and the Massana School in Barcelona (1977-79). He travels&hellip;Read more &#8250;","og_url":"https:\/\/guillerminrodriguez.com\/en\/guillermo-rodriguez\/","og_site_name":"Guillerm\u00edn","article_modified_time":"2019-09-01T17:43:30+00:00","og_image":[{"url":"http:\/\/guillerminrodriguez.com\/wp-content\/uploads\/2015\/07\/biografia-guillermirodriguez-200x300.jpg","type":"","width":"","height":""}],"twitter_card":"summary_large_image","twitter_misc":{"Estimated reading time":"1 minute"},"schema":{"@context":"https:\/\/schema.org","@graph":[{"@type":"WebPage","@id":"https:\/\/guillerminrodriguez.com\/en\/guillermo-rodriguez\/","url":"https:\/\/guillerminrodriguez.com\/en\/guillermo-rodriguez\/","name":"Guillermo Rodr\u00edguez - Guillerm\u00edn","isPartOf":{"@id":"https:\/\/guillerminrodriguez.com\/en\/#website"},"primaryImageOfPage":{"@id":"https:\/\/guillerminrodriguez.com\/en\/guillermo-rodriguez\/#primaryimage"},"image":{"@id":"https:\/\/guillerminrodriguez.com\/en\/guillermo-rodriguez\/#primaryimage"},"thumbnailUrl":"http:\/\/guillerminrodriguez.com\/wp-content\/uploads\/2015\/07\/biografia-guillermirodriguez-200x300.jpg","datePublished":"2015-07-18T17:12:36+00:00","dateModified":"2019-09-01T17:43:30+00:00","breadcrumb":{"@id":"https:\/\/guillerminrodriguez.com\/en\/guillermo-rodriguez\/#breadcrumb"},"inLanguage":"en-GB","potentialAction":[{"@type":"ReadAction","target":["https:\/\/guillerminrodriguez.com\/en\/guillermo-rodriguez\/"]}]},{"@type":"ImageObject","inLanguage":"en-GB","@id":"https:\/\/guillerminrodriguez.com\/en\/guillermo-rodriguez\/#primaryimage","url":"http:\/\/guillerminrodriguez.com\/wp-content\/uploads\/2015\/07\/biografia-guillermirodriguez-200x300.jpg","contentUrl":"http:\/\/guillerminrodriguez.com\/wp-content\/uploads\/2015\/07\/biografia-guillermirodriguez-200x300.jpg"},{"@type":"BreadcrumbList","@id":"https:\/\/guillerminrodriguez.com\/en\/guillermo-rodriguez\/#breadcrumb","itemListElement":[{"@type":"ListItem","position":1,"name":"Portada","item":"https:\/\/guillerminrodriguez.com\/en\/"},{"@type":"ListItem","position":2,"name":"Guillermo Rodr\u00edguez"}]},{"@type":"WebSite","@id":"https:\/\/guillerminrodriguez.com\/en\/#website","url":"https:\/\/guillerminrodriguez.com\/en\/","name":"Guillerm\u00edn","description":"","potentialAction":[{"@type":"SearchAction","target":{"@type":"EntryPoint","urlTemplate":"https:\/\/guillerminrodriguez.com\/en\/?s={search_term_string}"},"query-input":{"@type":"PropertyValueSpecification","valueRequired":true,"valueName":"search_term_string"}}],"inLanguage":"en-GB"}]}},"_links":{"self":[{"href":"https:\/\/guillerminrodriguez.com\/en\/wp-json\/wp\/v2\/pages\/39","targetHints":{"allow":["GET"]}}],"collection":[{"href":"https:\/\/guillerminrodriguez.com\/en\/wp-json\/wp\/v2\/pages"}],"about":[{"href":"https:\/\/guillerminrodriguez.com\/en\/wp-json\/wp\/v2\/types\/page"}],"author":[{"embeddable":true,"href":"https:\/\/guillerminrodriguez.com\/en\/wp-json\/wp\/v2\/users\/1"}],"replies":[{"embeddable":true,"href":"https:\/\/guillerminrodriguez.com\/en\/wp-json\/wp\/v2\/comments?post=39"}],"version-history":[{"count":23,"href":"https:\/\/guillerminrodriguez.com\/en\/wp-json\/wp\/v2\/pages\/39\/revisions"}],"predecessor-version":[{"id":628,"href":"https:\/\/guillerminrodriguez.com\/en\/wp-json\/wp\/v2\/pages\/39\/revisions\/628"}],"wp:attachment":[{"href":"https:\/\/guillerminrodriguez.com\/en\/wp-json\/wp\/v2\/media?parent=39"}],"curies":[{"name":"wp","href":"https:\/\/api.w.org\/{rel}","templated":true}]}}